{"id":297,"date":"2019-04-08T12:54:50","date_gmt":"2019-04-08T10:54:50","guid":{"rendered":"https:\/\/www.kaikkialla.com\/?page_id=297"},"modified":"2026-03-24T16:18:56","modified_gmt":"2026-03-24T15:18:56","slug":"bekleidung","status":"publish","type":"page","link":"https:\/\/www.kaikkialla.com\/en\/bekleidung\/","title":{"rendered":"apparel"},"content":{"rendered":"<p>That&#8217;s right. KAIKKIALLA is a linguistic HAASTE for the vast majority of people.<br \/>\nJust like: Ahmas, Kivisuo, Valkama, Ranua or Lentiira.<br \/>\nHAASTE [\u02c8h\u0251\u031d\u02d0s\u0320te\u031e(\u0294)] is a challenge, namely KAIKKIALLA [\u02c8k\u0251\u031di\u032fk\u02d0i\u02cc\u0251\u031dl\u02d0\u0251\u031d].<\/p>\n","protected":false},"excerpt":{"rendered":"<p>That&#8217;s right. KAIKKIALLA is a linguistic HAASTE for the vast majority of people. Just like: Ahmas, Kivisuo, Valkama, Ranua or Lentiira. HAASTE [\u02c8h\u0251\u031d\u02d0s\u0320te\u031e(\u0294)] is a challenge, namely KAIKKIALLA [\u02c8k\u0251\u031di\u032fk\u02d0i\u02cc\u0251\u031dl\u02d0\u0251\u031d].<\/p>\n","protected":false},"author":1,"featured_media":0,"parent":0,"menu_order":5,"comment_status":"closed","ping_status":"closed","template":"template-bekleidung.php","meta":{"footnotes":""},"class_list":["post-297","page","type-page","status-publish","hentry"],"yoast_head":"<!-- This site is optimized with the Yoast SEO plugin v27.3 - https:\/\/yoast.com\/product\/yoast-seo-wordpress\/ -->\n<title>Kaikkialla Bekleidung | Damen &amp; Herren Sportbekleidung<\/title>\n<meta name=\"description\" content=\"\u00dcbersicht der Sportbekleidung von Kaikkialla f\u00fcr Damen &amp; Herren. Informieren Sie sich gleich \u00fcber unsere Auswahl von Sportbekleidung.\" \/>\n<meta name=\"robots\" content=\"index, follow, max-snippet:-1, max-image-preview:large, max-video-preview:-1\" \/>\n<link rel=\"canonical\" href=\"https:\/\/www.kaikkialla.com\/en\/bekleidung\/\" \/>\n<meta property=\"og:locale\" content=\"en_US\" \/>\n<meta property=\"og:type\" content=\"article\" \/>\n<meta property=\"og:title\" content=\"Kaikkialla Bekleidung | Damen &amp; Herren Sportbekleidung\" \/>\n<meta property=\"og:description\" content=\"\u00dcbersicht der Sportbekleidung von Kaikkialla f\u00fcr Damen &amp; Herren. Informieren Sie sich gleich \u00fcber unsere Auswahl von Sportbekleidung.\" \/>\n<meta property=\"og:url\" content=\"https:\/\/www.kaikkialla.com\/en\/bekleidung\/\" \/>\n<meta property=\"og:site_name\" content=\"Kaikkialla\" \/>\n<meta property=\"article:modified_time\" content=\"2026-03-24T15:18:56+00:00\" \/>\n<meta name=\"twitter:card\" content=\"summary_large_image\" \/>\n<meta name=\"twitter:label1\" content=\"Est. reading time\" \/>\n\t<meta name=\"twitter:data1\" content=\"1 minute\" \/>\n<script type=\"application\/ld+json\" class=\"yoast-schema-graph\">{\"@context\":\"https:\\\/\\\/schema.org\",\"@graph\":[{\"@type\":\"WebPage\",\"@id\":\"https:\\\/\\\/www.kaikkialla.com\\\/en\\\/bekleidung\\\/\",\"url\":\"https:\\\/\\\/www.kaikkialla.com\\\/en\\\/bekleidung\\\/\",\"name\":\"Kaikkialla Bekleidung | Damen & Herren Sportbekleidung\",\"isPartOf\":{\"@id\":\"http:\\\/\\\/172.31.23.43\\\/en\\\/#website\"},\"datePublished\":\"2019-04-08T10:54:50+00:00\",\"dateModified\":\"2026-03-24T15:18:56+00:00\",\"description\":\"\u00dcbersicht der Sportbekleidung von Kaikkialla f\u00fcr Damen & Herren. Informieren Sie sich gleich \u00fcber unsere Auswahl von Sportbekleidung.\",\"breadcrumb\":{\"@id\":\"https:\\\/\\\/www.kaikkialla.com\\\/en\\\/bekleidung\\\/#breadcrumb\"},\"inLanguage\":\"en-US\",\"potentialAction\":[{\"@type\":\"ReadAction\",\"target\":[\"https:\\\/\\\/www.kaikkialla.com\\\/en\\\/bekleidung\\\/\"]}]},{\"@type\":\"BreadcrumbList\",\"@id\":\"https:\\\/\\\/www.kaikkialla.com\\\/en\\\/bekleidung\\\/#breadcrumb\",\"itemListElement\":[{\"@type\":\"ListItem\",\"position\":1,\"name\":\"Home\",\"item\":\"https:\\\/\\\/www.kaikkialla.com\\\/en\\\/\"},{\"@type\":\"ListItem\",\"position\":2,\"name\":\"apparel\"}]},{\"@type\":\"WebSite\",\"@id\":\"http:\\\/\\\/172.31.23.43\\\/en\\\/#website\",\"url\":\"http:\\\/\\\/172.31.23.43\\\/en\\\/\",\"name\":\"Kaikkialla\",\"description\":\"\",\"potentialAction\":[{\"@type\":\"SearchAction\",\"target\":{\"@type\":\"EntryPoint\",\"urlTemplate\":\"http:\\\/\\\/172.31.23.43\\\/en\\\/?s={search_term_string}\"},\"query-input\":{\"@type\":\"PropertyValueSpecification\",\"valueRequired\":true,\"valueName\":\"search_term_string\"}}],\"inLanguage\":\"en-US\"}]}<\/script>\n<!-- \/ Yoast SEO plugin. -->","yoast_head_json":{"title":"Kaikkialla Bekleidung | Damen & Herren Sportbekleidung","description":"\u00dcbersicht der Sportbekleidung von Kaikkialla f\u00fcr Damen & Herren. Informieren Sie sich gleich \u00fcber unsere Auswahl von Sportbekleidung.","robots":{"index":"index","follow":"follow","max-snippet":"max-snippet:-1","max-image-preview":"max-image-preview:large","max-video-preview":"max-video-preview:-1"},"canonical":"https:\/\/www.kaikkialla.com\/en\/bekleidung\/","og_locale":"en_US","og_type":"article","og_title":"Kaikkialla Bekleidung | Damen & Herren Sportbekleidung","og_description":"\u00dcbersicht der Sportbekleidung von Kaikkialla f\u00fcr Damen & Herren. Informieren Sie sich gleich \u00fcber unsere Auswahl von Sportbekleidung.","og_url":"https:\/\/www.kaikkialla.com\/en\/bekleidung\/","og_site_name":"Kaikkialla","article_modified_time":"2026-03-24T15:18:56+00:00","twitter_card":"summary_large_image","twitter_misc":{"Est. reading time":"1 minute"},"schema":{"@context":"https:\/\/schema.org","@graph":[{"@type":"WebPage","@id":"https:\/\/www.kaikkialla.com\/en\/bekleidung\/","url":"https:\/\/www.kaikkialla.com\/en\/bekleidung\/","name":"Kaikkialla Bekleidung | Damen & Herren Sportbekleidung","isPartOf":{"@id":"http:\/\/172.31.23.43\/en\/#website"},"datePublished":"2019-04-08T10:54:50+00:00","dateModified":"2026-03-24T15:18:56+00:00","description":"\u00dcbersicht der Sportbekleidung von Kaikkialla f\u00fcr Damen & Herren. Informieren Sie sich gleich \u00fcber unsere Auswahl von Sportbekleidung.","breadcrumb":{"@id":"https:\/\/www.kaikkialla.com\/en\/bekleidung\/#breadcrumb"},"inLanguage":"en-US","potentialAction":[{"@type":"ReadAction","target":["https:\/\/www.kaikkialla.com\/en\/bekleidung\/"]}]},{"@type":"BreadcrumbList","@id":"https:\/\/www.kaikkialla.com\/en\/bekleidung\/#breadcrumb","itemListElement":[{"@type":"ListItem","position":1,"name":"Home","item":"https:\/\/www.kaikkialla.com\/en\/"},{"@type":"ListItem","position":2,"name":"apparel"}]},{"@type":"WebSite","@id":"http:\/\/172.31.23.43\/en\/#website","url":"http:\/\/172.31.23.43\/en\/","name":"Kaikkialla","description":"","potentialAction":[{"@type":"SearchAction","target":{"@type":"EntryPoint","urlTemplate":"http:\/\/172.31.23.43\/en\/?s={search_term_string}"},"query-input":{"@type":"PropertyValueSpecification","valueRequired":true,"valueName":"search_term_string"}}],"inLanguage":"en-US"}]}},"_links":{"self":[{"href":"https:\/\/www.kaikkialla.com\/en\/wp-json\/wp\/v2\/pages\/297","targetHints":{"allow":["GET"]}}],"collection":[{"href":"https:\/\/www.kaikkialla.com\/en\/wp-json\/wp\/v2\/pages"}],"about":[{"href":"https:\/\/www.kaikkialla.com\/en\/wp-json\/wp\/v2\/types\/page"}],"author":[{"embeddable":true,"href":"https:\/\/www.kaikkialla.com\/en\/wp-json\/wp\/v2\/users\/1"}],"replies":[{"embeddable":true,"href":"https:\/\/www.kaikkialla.com\/en\/wp-json\/wp\/v2\/comments?post=297"}],"version-history":[{"count":6,"href":"https:\/\/www.kaikkialla.com\/en\/wp-json\/wp\/v2\/pages\/297\/revisions"}],"predecessor-version":[{"id":10902,"href":"https:\/\/www.kaikkialla.com\/en\/wp-json\/wp\/v2\/pages\/297\/revisions\/10902"}],"wp:attachment":[{"href":"https:\/\/www.kaikkialla.com\/en\/wp-json\/wp\/v2\/media?parent=297"}],"curies":[{"name":"wp","href":"https:\/\/api.w.org\/{rel}","templated":true}]}}